{"id":109,"date":"2022-11-17T13:35:47","date_gmt":"2022-11-17T13:35:47","guid":{"rendered":"https:\/\/szpg-starogard.pl\/?page_id=109"},"modified":"2026-03-24T12:10:05","modified_gmt":"2026-03-24T12:10:05","slug":"informacja-o-liniach","status":"publish","type":"page","link":"https:\/\/szpg-starogard.pl\/?page_id=109","title":{"rendered":"Informacja o liniach"},"content":{"rendered":"\n<p><\/p>\n\n\n\n<p><\/p>\n\n\n\n<p>W zwi\u0105zku z otrzymaniem dofinansowania\u00a0 w kwocie 3.984.271,79 z\u0142 ze \u015brodk\u00f3w Funduszu Rozwoju Przewoz\u00f3w Autobusowych o charakterze u\u017cyteczno\u015bci publicznej, Starogardzki Zwi\u0105zek Powiatowo-Gminny informuje, \u017ce z dniem 1 stycznia 2026 r. uruchomione zosta\u0142y nast\u0119puj\u0105ce linie komunikacyjne:<\/p>\n\n\n\n<ol type=\"1\">\n<li>U 221314 Starogard Gda\u0144ski &#8211; Szp\u0119gawsk Kasztanowa &#8211; Starogard Gda\u0144ski\n<ul><\/ul>\n<\/li>\n\n\n\n<li>U 221315 Kokoszkowy &#8211; Starogard Gd.<\/li>\n\n\n\n<li>U 221317 Starogard Gd. &#8211; Lubichowo &#8211; Ocypel<\/li>\n\n\n\n<li>U 221318 Starogard Gd. &#8211; Lubichowo &#8211; Osowo Le\u015bne<\/li>\n\n\n\n<li>U 221319 Starogard Gd. &#8211; Rokocin &#8211; Kote\u017ce &#8211; Rokocin &#8211; Stary Las &#8211; Rokocin &#8211; Sumin<\/li>\n\n\n\n<li>U 221321 Starogard Gd. &#8211; Janowo &#8211; Owidz<\/li>\n\n\n\n<li>U 221322 Starogard Gd. &#8211; Sk\u00f3rcz &#8211; Sm\u0119towo Graniczne<\/li>\n\n\n\n<li>U 221323 Osiek &#8211; Lis\u00f3wko &#8211; Udzierz &#8211; Osiek<\/li>\n\n\n\n<li>U 221324 Osiek &#8211; B\u0142\u0119dno &#8211; Kasparus &#8211; Osiek<\/li>\n\n\n\n<li>U 221326 Kulmaga &#8211; Sm\u0119towo Graniczne &#8211; Kamionka &#8211; Le\u015bna Jania<\/li>\n\n\n\n<li>U 221327 Sm\u0119towo Graniczne &#8211; Stara Jania &#8211; Bobrowiec<\/li>\n\n\n\n<li>U 221328 Starogard Gd. &#8211; Owidz &#8211; P\u0105czewo &#8211; Czarnylas &#8211; Sk\u00f3rcz &#8211; Le\u015bna Jania &#8211; Sm\u0119towo Graniczne<\/li>\n\n\n\n<li>U 221329 Starogard Gd. &#8211; Owidz &#8211; Grabowo &#8211; Sk\u00f3rcz &#8211; Osiek &#8211; Sm\u0119towo Graniczne<\/li>\n\n\n\n<li>U 221330 Starogard Gd. &#8211; Owidz &#8211; Grabowo &#8211; Sk\u00f3rcz &#8211; Osiek &#8211; Kasparus<\/li>\n\n\n\n<li>U 221331 Starogard Gd. &#8211; Owidz &#8211; P\u0105czewo &#8211; Sk\u00f3rcz &#8211; Osiek &#8211; Kasparus<\/li>\n\n\n\n<li>U 221336 Starogard Gd. &#8211; D\u0105br\u00f3wka &#8211; Bobowo &#8211; Owidz &#8211; Starogard Gd.<\/li>\n\n\n\n<li>U 221337 Starogard Gd. &#8211; D\u0105br\u00f3wka &#8211; Bobowo<\/li>\n\n\n\n<li>U 221350 Starogard Gd. &#8211; Kokoszkowy &#8211; Ciecholewy<\/li>\n\n\n\n<li>U 221351 Starogard Gd. &#8211; Rywa\u0142d &#8211; Brze\u017ano Wielkie &#8211; Zduny &#8211; Szp\u0119gawsk &#8211; Starogard Gd.<\/li>\n\n\n\n<li>U 221352 Starogard Gd. &#8211; Rokocin &#8211; Kote\u017ce &#8211; Rokocin &#8211; Sumin<\/li>\n\n\n\n<li>U 221353 Starogard Gd. &#8211; Owidz &#8211; Klon\u00f3wka &#8211; Rywa\u0142d &#8211; Starogard Gd.<\/li>\n\n\n\n<li>U 221354 Kr\u0105g &#8211; Linowiec &#8211; Kokoszkowy &#8211; Starogard Gd.<\/li>\n\n\n\n<li>U 221357 Starogard Gd. &#8211; Zblewo &#8211; Czarna Woda &#8211; Osieczna<\/li>\n\n\n\n<li>U 221358 Starogard Gd. &#8211; Miradowo &#8211; Czarna Woda<\/li>\n\n\n\n<li>U 221359 P\u0105czewo &#8211; Sk\u00f3rcz &#8211; Mirotki &#8211; Bar\u0142o\u017cno<\/li>\n\n\n\n<li>U 221360 P\u0105czewo &#8211; Kranek &#8211; Sk\u00f3rcz &#8211; Bar\u0142o\u017cno<\/li>\n\n\n\n<li>U 221361 Zelgoszcz &#8211; Wielki Bukowiec &#8211; Czarnylas &#8211; P\u0105czewo<\/li>\n\n\n\n<li>U 221362 Bobowo &#8211; P\u0105czewo &#8211; Sk\u00f3rcz &#8211; Wielbrandowo<\/li>\n\n\n\n<li>U 221365 Lubichowo &#8211; Zielona G\u00f3ra &#8211; Lipinki Kr\u00f3lewskie<\/li>\n\n\n\n<li>U 221366 Lubichowo &#8211; Wilcze B\u0142ota &#8211; Lubichowo<\/li>\n\n\n\n<li>U 221367 Lubichowo &#8211; Zelgoszcz &#8211; Wda &#8211; Lubichowo<\/li>\n\n\n\n<li>U 221368 Lubichowo &#8211; Osowo Le\u015bne &#8211; Ocypel &#8211; Lubichowo<\/li>\n\n\n\n<li>U 221369 Lubichowo &#8211; Bietowo &#8211; Szteklin &#8211; Lubichowo<\/li>\n<\/ol>\n","protected":false},"excerpt":{"rendered":"<p>W zwi\u0105zku z otrzymaniem dofinansowania\u00a0 w kwocie 3.984.271,79 z\u0142 ze \u015brodk\u00f3w Funduszu Rozwoju Przewoz\u00f3w Autobusowych o charakterze u\u017cyteczno\u015bci publicznej, Starogardzki Zwi\u0105zek Powiatowo-Gminny informuje, \u017ce z dniem 1 stycznia 2026 r. uruchomione zosta\u0142y nast\u0119puj\u0105ce linie komunikacyjne:<\/p>\n","protected":false},"author":1,"featured_media":0,"parent":0,"menu_order":10,"comment_status":"closed","ping_status":"closed","template":"","meta":[],"_links":{"self":[{"href":"https:\/\/szpg-starogard.pl\/index.php?rest_route=\/wp\/v2\/pages\/109"}],"collection":[{"href":"https:\/\/szpg-starogard.pl\/index.php?rest_route=\/wp\/v2\/pages"}],"about":[{"href":"https:\/\/szpg-starogard.pl\/index.php?rest_route=\/wp\/v2\/types\/page"}],"author":[{"embeddable":true,"href":"https:\/\/szpg-starogard.pl\/index.php?rest_route=\/wp\/v2\/users\/1"}],"replies":[{"embeddable":true,"href":"https:\/\/szpg-starogard.pl\/index.php?rest_route=%2Fwp%2Fv2%2Fcomments&post=109"}],"version-history":[{"count":10,"href":"https:\/\/szpg-starogard.pl\/index.php?rest_route=\/wp\/v2\/pages\/109\/revisions"}],"predecessor-version":[{"id":220,"href":"https:\/\/szpg-starogard.pl\/index.php?rest_route=\/wp\/v2\/pages\/109\/revisions\/220"}],"wp:attachment":[{"href":"https:\/\/szpg-starogard.pl\/index.php?rest_route=%2Fwp%2Fv2%2Fmedia&parent=109"}],"curies":[{"name":"wp","href":"https:\/\/api.w.org\/{rel}","templated":true}]}}