{"id":116,"date":"2022-11-25T08:15:50","date_gmt":"2022-11-25T08:15:50","guid":{"rendered":"https:\/\/szpg-starogard.pl\/?page_id=116"},"modified":"2025-09-16T05:57:14","modified_gmt":"2025-09-16T05:57:14","slug":"ogloszenia","status":"publish","type":"page","link":"https:\/\/szpg-starogard.pl\/?page_id=116","title":{"rendered":"Og\u0142oszenia"},"content":{"rendered":"\n<p> <strong>Og\u0142oszenie o zamiarze bezpo\u015bredniego zawarcia umowy o \u015bwiadczenie us\u0142ug w zakresie publicznego transportu zbiorowego w trybie o kt\u00f3rym mowa w art. 22 ust. 1 pkt 1 ustawy o publicznym transporcie zbiorowym.<\/strong><\/p>\n\n\n\n<p><a href=\"https:\/\/szpg-starogard.pl\/wp-content\/uploads\/2025\/09\/588333-2025-PL.pdf\">Wst\u0119pne og\u0142oszenie informacyjne dotycz\u0105ce us\u0142ug publicznych<\/a><\/p>\n\n\n\n<p><a href=\"https:\/\/szpg-starogard.pl\/wp-content\/uploads\/2025\/09\/SZPG - Og\u0142oszenie TED (BU).pdf\">Og\u0142oszenie o zamiarze przeprowadzenia post\u0119powania<\/a><\/p>\n\n\n\n<p><strong>Og\u0142oszenie o zamiarze przeprowadzenia post\u0119powania o udzielenie zam\u00f3wienia na \u015bwiadczenie us\u0142ug w zakresie publicznego transportu zbiorowego.<\/strong><\/p>\n\n\n\n<p><a href=\"https:\/\/szpg-starogard.pl\/wp-content\/uploads\/2025\/09\/587762-2025-PL.pdf\">Wst\u0119pne og\u0142oszenie informacyjne dotycz\u0105ce us\u0142ug publicznych<\/a><\/p>\n\n\n\n<p><a href=\"https:\/\/szpg-starogard.pl\/wp-content\/uploads\/2025\/09\/SZPG - Og\u0142oszenie TED.pdf\">Og\u0142oszenie o zamiarze przeprowadzenia post\u0119powania<\/a><\/p>\n\n\n\n<p><\/p>\n\n\n<p><strong>Og\u0142oszenie o zamiarze przeprowadzenia post\u0119powania o udzielenie zam\u00f3wienia na \u015bwiadczenie us\u0142ug w zakresie publicznego transportu zbiorowego<\/strong>.<\/p>\n<p><a style=\"pointer-events: none;\" href=\"https:\/\/szpg-starogard.pl\/wp-content\/uploads\/2024\/10\/581498-2024-ogl.pdf\">Wst\u0119pne og\u0142oszenie informacyjne dotycz\u0105ce us\u0142ug publicznych<\/a><\/p>\n<p><a style=\"pointer-events: none;\" href=\"https:\/\/szpg-starogard.pl\/wp-content\/uploads\/2024\/10\/581498-2024-PL.pdf\">Og\u0142oszenie o zamiarze przeprowadzenia post\u0119powania<\/a><\/p>\n<p><strong>Og\u0142oszenie o zamiarze przeprowadzenia post\u0119powania o udzielenie zam\u00f3wienia na \u015bwiadczenie us\u0142ug w zakresie publicznego transportu zbiorowego<\/strong>.<\/p>\n<p><a style=\"pointer-events: none;\" href=\"https:\/\/szpg-starogard.pl\/wp-content\/uploads\/2024\/10\/583518-2024-ogl.pdf\">Wst\u0119pne og\u0142oszenie informacyjne dotycz\u0105ce us\u0142ug publicznych<\/a><\/p>\n<p><a style=\"pointer-events: none;\" href=\"https:\/\/szpg-starogard.pl\/wp-content\/uploads\/2024\/10\/583518-2024-PL.pdf\">Og\u0142oszenie o zamiarze przeprowadzenia post\u0119powania<\/a><\/p>\n\n\n<p><strong>Og\u0142oszenie o zamiarze przeprowadzenia post\u0119powania o udzielenie zam\u00f3wienia na \u015bwiadczenie us\u0142ug w zakresie publicznego transportu zbiorowego<\/strong>.<\/p>\n\n\n\n<p><a href=\"https:\/\/szpg-starogard.pl\/wp-content\/uploads\/2023\/11\/Og%C5%82oszenie%20o%20zamiarze%20przeprowdzenia%20post%C4%99powania.pdf\" target=\"_blank\" rel=\"noreferrer noopener\">Wst\u0119pne og\u0142oszenie informacyjne dotycz\u0105ce us\u0142ug publicznych<\/a><\/p>\n\n\n\n<p><a rel=\"noreferrer noopener\" href=\"https:\/\/szpg-starogard.pl\/wp-content\/uploads\/2023\/11\/Wstepne-ogloszenie-informacyjne-dotyczace-uslug-publicznych.pdf\" target=\"_blank\">Og\u0142oszenie o zamiarze przeprow<\/a><a href=\"https:\/\/szpg-starogard.pl\/wp-content\/uploads\/2023\/11\/Wstepne-ogloszenie-informacyjne-dotyczace-uslug-publicznych.pdf\" target=\"_blank\" rel=\"noreferrer noopener\">a<\/a><a rel=\"noreferrer noopener\" href=\"https:\/\/szpg-starogard.pl\/wp-content\/uploads\/2023\/11\/Wstepne-ogloszenie-informacyjne-dotyczace-uslug-publicznych.pdf\" target=\"_blank\">dzenia post\u0119powania<\/a><\/p>\n\n\n\n<p><\/p>\n\n\n\n<h3><strong>Og\u0142oszenie z dnia 16.11.2023 roku o konsultacjach spo\u0142ecznych dot. Planu Transportowego<\/strong>.<\/h3>\n\n\n\n<p>Dzia\u0142aj\u0105c na podstawie art. 10 ust. ustawy z dnia 16 grudnia 2010 r. o publicznym transporcie zbiorowym (Dz. U. z 2022 r., poz. 1343 z p\u00f3\u017an. zm.), Zarz\u0105d Starogardzkiego Zwi\u0105zku Powiatowo-Gminnego informuje o&nbsp; projekcie &nbsp;\u201ePlanu zr\u00f3wnowa\u017conego rozwoju publicznego transportu zbiorowego dla Starogardzkiego Zwi\u0105zku Powiatowo-Gminnego na lata 2023-2030\u201d, prosz\u0105c jednocze\u015bnie mieszka\u0144c\u00f3w Powiatu Starogardzkiego o sk\u0142adanie opinii, uwag i proponowanych zmian dotycz\u0105cych projektu Planu w terminie od dnia 16 listopada 2023 roku do dnia 07 grudnia 2023 roku.<\/p>\n\n\n\n<p>Z tre\u015bci\u0105 projektu Planu Transportowego mo\u017cna zapozna\u0107 si\u0119:<\/p>\n\n\n\n<p>&#8211; w siedzibie Zwi\u0105zku przy ul. Pelpli\u0144skiej 21, 83-200 Starogard Gda\u0144ski od poniedzia\u0142ku do pi\u0105tku w godz. 8:00 \u2013 14:00,<\/p>\n\n\n\n<p>&#8211; w Biuletynie Informacji Publicznej Starogardzkiego Zwi\u0105zku Powiatowo-Gminnego,<\/p>\n\n\n\n<p>&#8211; na stronie internetowej Starogardzkiego Zwi\u0105zku Powiatowo-Gminnego.<\/p>\n\n\n\n<p>Opinie, uwagi i proponowane zmiany do projektu \u201ePlanu zr\u00f3wnowa\u017conego rozwoju publicznego transportu zbiorowego\u201d, b\u0119d\u0105 przyjmowane wy\u0142\u0105cznie w formie pisemnej na stosownym formularzu konsultacyjnym, kt\u00f3ry nale\u017cy przekaza\u0107 w jeden z poni\u017cszych sposob\u00f3w:<\/p>\n\n\n\n<p>&#8211; w siedzibie Zwi\u0105zku przy ul. Pelpli\u0144skiej 21, 83-200 Starogard Gda\u0144ski od poniedzia\u0142ku do pi\u0105tku w godz. 8:00 \u2013 14:00,<\/p>\n\n\n\n<p>&#8211; drog\u0105 korespondencyjn\u0105 na adres: Starogardzki Zwi\u0105zek Powiatowo-Gminny przy ul. Pelpli\u0144skiej 21, 83-200 Starogard Gda\u0144ski ( liczy si\u0119 data wp\u0142ywu do siedziby Zwi\u0105zku ),<\/p>\n\n\n\n<p>&#8211; drog\u0105 elektroniczn\u0105 na adres e-mailowy: sekretariat@szpg-starogard.pl wpisuj\u0105c w tytule wiadomo\u015bci \u201eKonsultacje spo\u0142eczne w zakresie projektu Planu Transportowego\u201d.<\/p>\n\n\n\n<p><a href=\"https:\/\/szpg-starogard.pl\/wp-content\/uploads\/2023\/11\/Plan%20transportowy%20dla%20SZPG.pdf\" target=\"_blank\" rel=\"noreferrer noopener\">Plan Transportowy SZPG<\/a><\/p>\n\n\n\n<p><a href=\"https:\/\/szpg-starogard.pl\/wp-content\/uploads\/2023\/11\/Formularz%20konsultacujny%20-%20Plan%20Transportowy%20SZPG.pdf\" target=\"_blank\" rel=\"noreferrer noopener\">Formularz  konsultacyjny<\/a><\/p>\n\n\n\n<p> <\/p>\n\n\n\n<p> <\/p>\n\n\n\n<p> <\/p>\n\n\n\n<p><strong>Og\u0142oszenie o zamiarze przeprowadzenia post\u0119powania o udzielenie zam\u00f3wienia na \u015bwiadczenie us\u0142ug  w zakresie transportu drogowego.<\/strong><\/p>\n\n\n\n<div class=\"wp-block-file\"><a id=\"wp-block-file--media-ea8111b7-3de2-4713-a955-c1045eabfd9d\" href=\"https:\/\/szpg-starogard.pl\/wp-content\/uploads\/2022\/11\/Scan-ogloszenie-o-zamiarze-przeprowadzenia-postepowania-o-udzielenie-zamowienia-na-swiadczenie-uslug-w-zakresie-publicznego-transportu-zbiorowego.pdf\">Scan og\u0142oszenie o zamiarze przeprowadzenia post\u0119powania o udzielenie zam\u00f3wienia na \u015bwiadczenie us\u0142ug w zakresie publicznego transportu zbiorowego<\/a><\/div>\n\n\n\n<div class=\"wp-block-file\"><a id=\"wp-block-file--media-033093ab-9035-43b0-9d69-50ca40cba665\" href=\"https:\/\/szpg-starogard.pl\/wp-content\/uploads\/2022\/11\/Uslugi-654532-2022-TED-Tenders-Electronic-Daily.pdf\">Us\u0142ugi &#8211; 654532-2022 &#8211; TED Tenders Electronic Daily<\/a><\/div>\n\n\n\n<p><\/p>\n\n\n\n<p><\/p>\n\n\n\n<p><\/p>\n\n\n\n<p><\/p>\n\n\n\n<p><\/p>\n\n\n\n<p><\/p>\n","protected":false},"excerpt":{"rendered":"<p>Og\u0142oszenie o zamiarze bezpo\u015bredniego zawarcia umowy o \u015bwiadczenie us\u0142ug w zakresie publicznego transportu zbiorowego w trybie o kt\u00f3rym mowa w art. 22 ust. 1 pkt 1 ustawy o publicznym transporcie zbiorowym. Wst\u0119pne og\u0142oszenie informacyjne dotycz\u0105ce us\u0142ug publicznych Og\u0142oszenie o zamiarze &hellip; <a href=\"https:\/\/szpg-starogard.pl\/?page_id=116\">Czytaj dalej <span class=\"meta-nav\">&rarr;<\/span><\/a><\/p>\n","protected":false},"author":1,"featured_media":0,"parent":0,"menu_order":16,"comment_status":"closed","ping_status":"closed","template":"","meta":[],"_links":{"self":[{"href":"https:\/\/szpg-starogard.pl\/index.php?rest_route=\/wp\/v2\/pages\/116"}],"collection":[{"href":"https:\/\/szpg-starogard.pl\/index.php?rest_route=\/wp\/v2\/pages"}],"about":[{"href":"https:\/\/szpg-starogard.pl\/index.php?rest_route=\/wp\/v2\/types\/page"}],"author":[{"embeddable":true,"href":"https:\/\/szpg-starogard.pl\/index.php?rest_route=\/wp\/v2\/users\/1"}],"replies":[{"embeddable":true,"href":"https:\/\/szpg-starogard.pl\/index.php?rest_route=%2Fwp%2Fv2%2Fcomments&post=116"}],"version-history":[{"count":21,"href":"https:\/\/szpg-starogard.pl\/index.php?rest_route=\/wp\/v2\/pages\/116\/revisions"}],"predecessor-version":[{"id":217,"href":"https:\/\/szpg-starogard.pl\/index.php?rest_route=\/wp\/v2\/pages\/116\/revisions\/217"}],"wp:attachment":[{"href":"https:\/\/szpg-starogard.pl\/index.php?rest_route=%2Fwp%2Fv2%2Fmedia&parent=116"}],"curies":[{"name":"wp","href":"https:\/\/api.w.org\/{rel}","templated":true}]}}