{"id":145,"date":"2023-04-06T09:05:27","date_gmt":"2023-04-06T09:05:27","guid":{"rendered":"https:\/\/szpg-starogard.pl\/?page_id=145"},"modified":"2023-08-28T09:35:03","modified_gmt":"2023-08-28T09:35:03","slug":"polityka-prywatnosci","status":"publish","type":"page","link":"https:\/\/szpg-starogard.pl\/?page_id=145","title":{"rendered":"Polityka prywatno\u015bci"},"content":{"rendered":"\n<p>Poni\u017cej zamieszczamy &#8222;Polityk\u0119 prywatno\u015bci&#8221; naszego Zwi\u0105zku.<\/p>\n\n\n\n<p><a href=\"https:\/\/szpg-starogard.pl\/wp-content\/uploads\/2023\/04\/Polityka_prywatnosci.pdf\" data-type=\"URL\">Polityka prywatno\u015bci<\/a><\/p>\n","protected":false},"excerpt":{"rendered":"<p>Poni\u017cej zamieszczamy &#8222;Polityk\u0119 prywatno\u015bci&#8221; naszego Zwi\u0105zku. Polityka prywatno\u015bci<\/p>\n","protected":false},"author":1,"featured_media":0,"parent":0,"menu_order":3,"comment_status":"closed","ping_status":"closed","template":"","meta":[],"_links":{"self":[{"href":"https:\/\/szpg-starogard.pl\/index.php?rest_route=\/wp\/v2\/pages\/145"}],"collection":[{"href":"https:\/\/szpg-starogard.pl\/index.php?rest_route=\/wp\/v2\/pages"}],"about":[{"href":"https:\/\/szpg-starogard.pl\/index.php?rest_route=\/wp\/v2\/types\/page"}],"author":[{"embeddable":true,"href":"https:\/\/szpg-starogard.pl\/index.php?rest_route=\/wp\/v2\/users\/1"}],"replies":[{"embeddable":true,"href":"https:\/\/szpg-starogard.pl\/index.php?rest_route=%2Fwp%2Fv2%2Fcomments&post=145"}],"version-history":[{"count":5,"href":"https:\/\/szpg-starogard.pl\/index.php?rest_route=\/wp\/v2\/pages\/145\/revisions"}],"predecessor-version":[{"id":158,"href":"https:\/\/szpg-starogard.pl\/index.php?rest_route=\/wp\/v2\/pages\/145\/revisions\/158"}],"wp:attachment":[{"href":"https:\/\/szpg-starogard.pl\/index.php?rest_route=%2Fwp%2Fv2%2Fmedia&parent=145"}],"curies":[{"name":"wp","href":"https:\/\/api.w.org\/{rel}","templated":true}]}}