{"id":165,"date":"2023-08-28T09:08:59","date_gmt":"2023-08-28T09:08:59","guid":{"rendered":"https:\/\/szpg-starogard.pl\/?page_id=165"},"modified":"2023-08-28T09:08:59","modified_gmt":"2023-08-28T09:08:59","slug":"rozklad-jazdy","status":"publish","type":"page","link":"https:\/\/szpg-starogard.pl\/?page_id=165","title":{"rendered":"Rozk\u0142ad jazdy"},"content":{"rendered":"\n<p>Rozk\u0142ad jazdy autobus\u00f3w mo\u017cna znale\u017a\u0107 <a href=\"http:\/\/website.pks-starogard.pl\/index.php?option=com_content&amp;view=article&amp;id=25&amp;Itemid=43\" target=\"_blank\" rel=\"noreferrer noopener\">tutaj<\/a><\/p>\n","protected":false},"excerpt":{"rendered":"<p>Rozk\u0142ad jazdy autobus\u00f3w mo\u017cna znale\u017a\u0107 tutaj<\/p>\n","protected":false},"author":1,"featured_media":0,"parent":0,"menu_order":13,"comment_status":"closed","ping_status":"closed","template":"","meta":[],"_links":{"self":[{"href":"https:\/\/szpg-starogard.pl\/index.php?rest_route=\/wp\/v2\/pages\/165"}],"collection":[{"href":"https:\/\/szpg-starogard.pl\/index.php?rest_route=\/wp\/v2\/pages"}],"about":[{"href":"https:\/\/szpg-starogard.pl\/index.php?rest_route=\/wp\/v2\/types\/page"}],"author":[{"embeddable":true,"href":"https:\/\/szpg-starogard.pl\/index.php?rest_route=\/wp\/v2\/users\/1"}],"replies":[{"embeddable":true,"href":"https:\/\/szpg-starogard.pl\/index.php?rest_route=%2Fwp%2Fv2%2Fcomments&post=165"}],"version-history":[{"count":3,"href":"https:\/\/szpg-starogard.pl\/index.php?rest_route=\/wp\/v2\/pages\/165\/revisions"}],"predecessor-version":[{"id":168,"href":"https:\/\/szpg-starogard.pl\/index.php?rest_route=\/wp\/v2\/pages\/165\/revisions\/168"}],"wp:attachment":[{"href":"https:\/\/szpg-starogard.pl\/index.php?rest_route=%2Fwp%2Fv2%2Fmedia&parent=165"}],"curies":[{"name":"wp","href":"https:\/\/api.w.org\/{rel}","templated":true}]}}