{"id":28,"date":"2022-07-14T12:54:43","date_gmt":"2022-07-14T12:54:43","guid":{"rendered":"https:\/\/szpg-starogard.pl\/?page_id=28"},"modified":"2023-04-06T09:23:18","modified_gmt":"2023-04-06T09:23:18","slug":"o-zwiazku","status":"publish","type":"page","link":"https:\/\/szpg-starogard.pl\/","title":{"rendered":"O zwi\u0105zku"},"content":{"rendered":"\n<p>Uczestnikami Starogardzkiego Zwi\u0105zku Powiatowo \u2013 Gminnego s\u0105: Powiat Starogardzki, Gmina Starogard Gda\u0144ski, Gmina Osiek, Gmina Sm\u0119towo Graniczne, Gmina Sk\u00f3rcz oraz od 2023 roku Gmina Lubichowo.<\/p>\n\n\n\n<p>G\u0142\u00f3wnym celem Zwi\u0105zku jest organizacja transportu publicznego zgodnego z ustaw\u0105 z dnia 16 grudnia 2010 r. o publicznym transporcie zbiorowym. Starogardzki Zwi\u0105zek Powiatowo \u2013 Gminny jest organizatorem publicznego transportu zbiorowego o charakterze u\u017cyteczno\u015bci publicznej na liniach komunikacyjnych lub w sieci komunikacyjnej w powiatowo-gminnych przewozach pasa\u017cerskich na obszarze Powiatu i Gmin b\u0119d\u0105cych jego uczestnikami, w tym r\u00f3wnie\u017c dowo\u017cenia dzieci do plac\u00f3wek o\u015bwiatowych.<\/p>\n\n\n\n<p>Dnia 20 pa\u017adziernika 2021 roku Starogardzki Zwi\u0105zek Powiatowo-Gminny z siedzib\u0105 w Starogardzie Gda\u0144skim, zosta\u0142 zarejestrowany przez Ministra Spraw Wewn\u0119trznych i Administracji w stosownym wykazie pod pozycj\u0105 nr 16. Nast\u0119pnie dnia 8 listopada 2021 roku w Dzienniku Urz\u0119dowym Wojew\u00f3dztwa Pomorskiego, opublikowane zosta\u0142o Obwieszczenie Wojewody Pomorskiego w sprawie og\u0142oszenia Statutu Starogardzkiego Zwi\u0105zku Powiatowo \u2013 Gminnego.<\/p>\n","protected":false},"excerpt":{"rendered":"<p>Uczestnikami Starogardzkiego Zwi\u0105zku Powiatowo \u2013 Gminnego s\u0105: Powiat Starogardzki, Gmina Starogard Gda\u0144ski, Gmina Osiek, Gmina Sm\u0119towo Graniczne, Gmina Sk\u00f3rcz oraz od 2023 roku Gmina Lubichowo. G\u0142\u00f3wnym celem Zwi\u0105zku jest organizacja transportu publicznego zgodnego z ustaw\u0105 z dnia 16 grudnia 2010 &hellip; <a href=\"https:\/\/szpg-starogard.pl\/\">Czytaj dalej <span class=\"meta-nav\">&rarr;<\/span><\/a><\/p>\n","protected":false},"author":1,"featured_media":0,"parent":0,"menu_order":0,"comment_status":"closed","ping_status":"closed","template":"","meta":[],"_links":{"self":[{"href":"https:\/\/szpg-starogard.pl\/index.php?rest_route=\/wp\/v2\/pages\/28"}],"collection":[{"href":"https:\/\/szpg-starogard.pl\/index.php?rest_route=\/wp\/v2\/pages"}],"about":[{"href":"https:\/\/szpg-starogard.pl\/index.php?rest_route=\/wp\/v2\/types\/page"}],"author":[{"embeddable":true,"href":"https:\/\/szpg-starogard.pl\/index.php?rest_route=\/wp\/v2\/users\/1"}],"replies":[{"embeddable":true,"href":"https:\/\/szpg-starogard.pl\/index.php?rest_route=%2Fwp%2Fv2%2Fcomments&post=28"}],"version-history":[{"count":7,"href":"https:\/\/szpg-starogard.pl\/index.php?rest_route=\/wp\/v2\/pages\/28\/revisions"}],"predecessor-version":[{"id":155,"href":"https:\/\/szpg-starogard.pl\/index.php?rest_route=\/wp\/v2\/pages\/28\/revisions\/155"}],"wp:attachment":[{"href":"https:\/\/szpg-starogard.pl\/index.php?rest_route=%2Fwp%2Fv2%2Fmedia&parent=28"}],"curies":[{"name":"wp","href":"https:\/\/api.w.org\/{rel}","templated":true}]}}