{"id":34,"date":"2022-07-14T13:05:04","date_gmt":"2022-07-14T13:05:04","guid":{"rendered":"https:\/\/szpg-starogard.pl\/?page_id=34"},"modified":"2024-08-06T06:36:13","modified_gmt":"2024-08-06T06:36:13","slug":"wladze","status":"publish","type":"page","link":"https:\/\/szpg-starogard.pl\/?page_id=34","title":{"rendered":"W\u0142adze"},"content":{"rendered":"<p><strong>Zgromadzenie Starogardzkiego Zwi\u0105zku Powiatowo-Gminnego<\/strong><\/p>\n<p>Przewodnicz\u0105cy Zgromadzenia: Wioleta Strzemkowska-Konkolewska<br \/>\nWiceprzewodnicz\u0105cy Zgromadzenia: Witold Sykutera<\/p>\n<p><strong>Zarz\u0105d Starogardzkiego Zwi\u0105zku Powiatowo-Gminnego<\/strong><\/p>\n<p>Przewodnicz\u0105cy Zarz\u0105du: Tomasz Rogalski<br \/>\nWiceprzewodnicz\u0105cy Zarz\u0105du: Artur Osnowski<br \/>\nCz\u0142onek Zarz\u0105du: Anita Galant<\/p>\n","protected":false},"excerpt":{"rendered":"<p>Zgromadzenie Starogardzkiego Zwi\u0105zku Powiatowo-Gminnego Przewodnicz\u0105cy Zgromadzenia: Wioleta Strzemkowska-Konkolewska Wiceprzewodnicz\u0105cy Zgromadzenia: Witold Sykutera Zarz\u0105d Starogardzkiego Zwi\u0105zku Powiatowo-Gminnego Przewodnicz\u0105cy Zarz\u0105du: Tomasz Rogalski Wiceprzewodnicz\u0105cy Zarz\u0105du: Artur Osnowski Cz\u0142onek Zarz\u0105du: Anita Galant<\/p>\n","protected":false},"author":1,"featured_media":0,"parent":0,"menu_order":2,"comment_status":"closed","ping_status":"closed","template":"","meta":[],"_links":{"self":[{"href":"https:\/\/szpg-starogard.pl\/index.php?rest_route=\/wp\/v2\/pages\/34"}],"collection":[{"href":"https:\/\/szpg-starogard.pl\/index.php?rest_route=\/wp\/v2\/pages"}],"about":[{"href":"https:\/\/szpg-starogard.pl\/index.php?rest_route=\/wp\/v2\/types\/page"}],"author":[{"embeddable":true,"href":"https:\/\/szpg-starogard.pl\/index.php?rest_route=\/wp\/v2\/users\/1"}],"replies":[{"embeddable":true,"href":"https:\/\/szpg-starogard.pl\/index.php?rest_route=%2Fwp%2Fv2%2Fcomments&post=34"}],"version-history":[{"count":8,"href":"https:\/\/szpg-starogard.pl\/index.php?rest_route=\/wp\/v2\/pages\/34\/revisions"}],"predecessor-version":[{"id":199,"href":"https:\/\/szpg-starogard.pl\/index.php?rest_route=\/wp\/v2\/pages\/34\/revisions\/199"}],"wp:attachment":[{"href":"https:\/\/szpg-starogard.pl\/index.php?rest_route=%2Fwp%2Fv2%2Fmedia&parent=34"}],"curies":[{"name":"wp","href":"https:\/\/api.w.org\/{rel}","templated":true}]}}